{"id":7,"date":"2026-04-14T12:55:21","date_gmt":"2026-04-14T12:55:21","guid":{"rendered":"https:\/\/constantin-weber.de\/?page_id=7"},"modified":"2026-04-15T09:55:40","modified_gmt":"2026-04-15T09:55:40","slug":"heim","status":"publish","type":"page","link":"https:\/\/constantin-weber.de\/index.php\/heim\/","title":{"rendered":"Heim"},"content":{"rendered":"\n<div class=\"wp-block-group alignfull is-layout-flow wp-block-group-is-layout-flow has-background\" style=\"min-height:112vh;margin-top:-165px;margin-bottom:-165px;padding-right:var(--wp--preset--spacing--60);padding-left:var(--wp--preset--spacing--60);background-image:url(&apos;https:\/\/constantin-weber.de\/wp-content\/uploads\/2026\/04\/bg-frieda.jpg&apos;);background-position:50% 63%;background-size:cover;\">\n<div style=\"height:494px\" aria-hidden=\"true\" class=\"wp-block-spacer\"><\/div>\n\n\n\n<div class=\"wp-block-group alignwide is-layout-flow wp-block-group-is-layout-flow\" style=\"padding-right:var(--wp--preset--spacing--80);padding-left:var(--wp--preset--spacing--80)\">\n<h1 class=\"wp-block-heading alignwide is-style-text-display is-style-text-display--1\" style=\"padding-top:var(--wp--preset--spacing--40);padding-right:0;padding-bottom:var(--wp--preset--spacing--40);padding-left:0;font-size:clamp(27.894px, 1.743rem + ((1vw - 3.2px) * 1.971), 48px);line-height:1.1\"><strong>Gute Kommunikation<br>f\u00fcr Unternehmen.<\/strong><\/h1>\n\n\n\n<div class=\"wp-block-buttons is-layout-flex wp-block-buttons-is-layout-flex\">\n<div class=\"wp-block-button\"><a class=\"wp-block-button__link wp-element-button\" href=\"\/#leistungen\"><strong>Leistungen<\/strong><\/a><\/div>\n<\/div>\n<\/div>\n<\/div>\n\n\n\n<div class=\"wp-block-group alignfull has-base-background-color has-background is-layout-flow wp-block-group-is-layout-flow\" id=\"botschaften\" style=\"padding-right:var(--wp--preset--spacing--50);padding-left:var(--wp--preset--spacing--50)\">\n<div style=\"height:165px\" aria-hidden=\"true\" class=\"wp-block-spacer\"><\/div>\n\n\n\n<div class=\"wp-block-columns alignwide are-vertically-aligned-center is-layout-flex wp-container-core-columns-is-layout-28f84493 wp-block-columns-is-layout-flex\">\n<div class=\"wp-block-column is-layout-flow wp-block-column-is-layout-flow\" style=\"flex-basis:50%\">\n<h3 class=\"wp-block-heading has-text-color has-x-large-font-size\" style=\"color:#000000\"><strong>Botschaften<\/strong><\/h3>\n<\/div>\n<\/div>\n\n\n\n<div class=\"wp-block-columns alignwide is-layout-flex wp-container-core-columns-is-layout-28f84493 wp-block-columns-is-layout-flex\">\n<div class=\"wp-block-column is-layout-flow wp-block-column-is-layout-flow\"><\/div>\n\n\n\n<div class=\"wp-block-column is-layout-flow wp-block-column-is-layout-flow\">\n<p class=\"is-style-default has-text-color has-medium-font-size\" style=\"color:#000000\">Mit Texten ist das so eine Sache: Der Gesch\u00e4ftsf\u00fchrer hat seine ganz eigenen Vorstellungen, die Frau vom SEO verspricht das Blaue vom Himmel und der Marketingheini kommt nicht auf den Punkt. Manche Texte brauchen Platz zum Atmen, w\u00e4hrend andere aus dem Stand informieren m\u00fcssen.<\/p>\n\n\n\n<p class=\"has-medium-font-size\">Zu <strong>guter Kommunikation<\/strong> geh\u00f6ren nicht nur Texte, die Ihre Kunden wirklich erreichen. Der visuelle Eindruck z\u00e4hlt in unserer online getriebenen und auf Bildwirkung gepr\u00e4gten Welt wenigstens genauso viel wie der eigentliche Content. Ihre Kunden und besonders solche, die es werden m\u00f6chten, entscheiden deswegen nicht nur anhand harter USPs oder Produktversprechen.<\/p>\n<\/div>\n\n\n\n<div class=\"wp-block-column is-layout-flow wp-block-column-is-layout-flow\">\n<p class=\"has-text-color has-medium-font-size\" style=\"color:#000000\">Die gesamte \u00c4sthetik Ihrer Marke und das damit verbundene Image lassen ein Bauchgef\u00fchl entstehen. Und nur, wenn das Gef\u00fchl stimmt, werden Interessenten zu Kunden.<\/p>\n\n\n\n<p class=\"has-text-color has-medium-font-size\" id=\"botschaften\" style=\"color:#000000\"><br>\u00dcbrigens: Wenn Sie bis hierher gelesen haben, scheint das Gef\u00fchl zu stimmen \u2013 und das tr\u00fcgt nur sehr selten.<\/p>\n<\/div>\n<\/div>\n\n\n\n<div style=\"height:218px\" aria-hidden=\"true\" class=\"wp-block-spacer\"><\/div>\n<\/div>\n\n\n\n<div class=\"wp-block-group alignfull has-background has-global-padding is-layout-constrained wp-container-core-group-is-layout-4651deb1 wp-block-group-is-layout-constrained\" id=\"leistungen\" style=\"background-color:#fbfbfb;margin-top:0;margin-bottom:0;padding-top:var(--wp--preset--spacing--70);padding-bottom:var(--wp--preset--spacing--70)\">\n<div class=\"wp-block-columns alignwide is-layout-flex wp-container-core-columns-is-layout-08a2a807 wp-block-columns-is-layout-flex\">\n<div class=\"wp-block-column is-vertically-aligned-center is-layout-flow wp-block-column-is-layout-flow\">\n<h3 class=\"wp-block-heading is-style-default has-x-large-font-size\"><strong>Leistungen<\/strong><\/h3>\n\n\n\n<p class=\"has-medium-font-size\">Zu Beginn analysiere ich sorgf\u00e4ltig alle Ihre Kommunikationsma\u00dfnahmen und gebe Ihnen aufrichtiges Feedback zu Ihrem Markenauftritt. Dies ist die Grundlage f\u00fcr eine stimmige Botschaft, die auch der Kunde versteht. Der wichtigste Inputgeber dabei sind immer Sie und die beste Inspiration ist Ihr Produkt.<\/p>\n\n\n\n<p class=\"has-medium-font-size\">Auf Basis dieser Analyse setze ich als Texter alles daran zu zeigen, was Sie k\u00f6nnen.<\/p>\n\n\n\n<p class=\"has-medium-font-size\">Das passiert zum Beispiel mit<\/p>\n\n\n\n<ul class=\"wp-block-list is-style-checkmark-list\">\n<li class=\"has-medium-font-size\">Produktbeschreibungen, <\/li>\n\n\n\n<li class=\"has-medium-font-size\">Sprechertexten,<\/li>\n\n\n\n<li class=\"has-medium-font-size\"> Blogs, <\/li>\n\n\n\n<li class=\"has-medium-font-size\">Storys, <\/li>\n\n\n\n<li class=\"has-medium-font-size\">Pressetexten<\/li>\n<\/ul>\n\n\n\n<p class=\"has-medium-font-size\">f\u00fcr <\/p>\n\n\n\n<ul class=\"wp-block-list is-style-checkmark-list\">\n<li class=\"has-medium-font-size\">Webseiten, <\/li>\n\n\n\n<li class=\"has-medium-font-size\">Magazine, <\/li>\n\n\n\n<li class=\"has-medium-font-size\">Social Media,<\/li>\n\n\n\n<li class=\"has-medium-font-size\">E-Mail-Marketing, <\/li>\n\n\n\n<li class=\"has-medium-font-size\">Newsletter, <\/li>\n\n\n\n<li class=\"has-medium-font-size\">Jahresberichte<br><\/li>\n<\/ul>\n\n\n\n<p class=\"has-medium-font-size\">in long, short, SEO-optimiert, informativ, emotional.<\/p>\n<\/div>\n\n\n\n<div class=\"wp-block-column is-vertically-aligned-center is-layout-flow wp-block-column-is-layout-flow\">\n<figure class=\"wp-block-image size-full\"><img loading=\"lazy\" decoding=\"async\" width=\"600\" height=\"744\" src=\"https:\/\/constantin-weber.de\/wp-content\/uploads\/2026\/04\/buch.jpg\" alt=\"\" class=\"wp-image-76\" srcset=\"https:\/\/constantin-weber.de\/wp-content\/uploads\/2026\/04\/buch.jpg 600w, https:\/\/constantin-weber.de\/wp-content\/uploads\/2026\/04\/buch-242x300.jpg 242w\" sizes=\"auto, (max-width: 600px) 100vw, 600px\" \/><\/figure>\n<\/div>\n<\/div>\n<\/div>\n\n\n\n<div class=\"wp-block-cover alignfull is-light\" style=\"min-height:100vh;aspect-ratio:unset;\" id=\"about\"><img loading=\"lazy\" decoding=\"async\" width=\"2000\" height=\"1500\" class=\"wp-block-cover__image-background wp-image-37 size-full\" alt=\"\" src=\"https:\/\/constantin-weber.de\/wp-content\/uploads\/2026\/04\/bg-about.jpg\" data-object-fit=\"cover\" srcset=\"https:\/\/constantin-weber.de\/wp-content\/uploads\/2026\/04\/bg-about.jpg 2000w, https:\/\/constantin-weber.de\/wp-content\/uploads\/2026\/04\/bg-about-300x225.jpg 300w, https:\/\/constantin-weber.de\/wp-content\/uploads\/2026\/04\/bg-about-1024x768.jpg 1024w, https:\/\/constantin-weber.de\/wp-content\/uploads\/2026\/04\/bg-about-768x576.jpg 768w, https:\/\/constantin-weber.de\/wp-content\/uploads\/2026\/04\/bg-about-1536x1152.jpg 1536w\" sizes=\"auto, (max-width: 2000px) 100vw, 2000px\" \/><span aria-hidden=\"true\" class=\"wp-block-cover__background has-background-dim-0 has-background-dim\" style=\"background-color:#fafafa\"><\/span><div class=\"wp-block-cover__inner-container is-layout-flow wp-block-cover-is-layout-flow\">\n<div class=\"wp-block-columns is-layout-flex wp-container-core-columns-is-layout-28f84493 wp-block-columns-is-layout-flex\">\n<div class=\"wp-block-column is-layout-flow wp-block-column-is-layout-flow\" style=\"padding-right:var(--wp--preset--spacing--60);padding-left:var(--wp--preset--spacing--60);flex-basis:40%\">\n<h3 class=\"wp-block-heading has-text-align-center has-x-large-font-size\"><strong>\u00dcber mich<\/strong><\/h3>\n\n\n\n<p class=\"has-text-align-center has-medium-font-size\" style=\"border-style:none;border-width:0px;padding-right:0;padding-left:0\">Gute Texte brauchen manchmal Zeit. Etwas mehr Zeit brauchen Enthusiasten, um zu guten Textern zu werden. Diese Erfahrung und die Leidenschaft f\u00fcr gut aufbereitete Botschaften sind das, was Texter von Schreibern unterscheidet. Als PR-Berater, Werbetexter, Copywriter und Kommunikationsleiter habe ich so einige Texte verfassen d\u00fcrfen. In Zusammenarbeit mit Kunden, Agenturen, Kollegen, Lektoren und Redakteuren. Und mit jedem einzelnen habe ich dazugelernt. Den letzten Schliff gaben schlie\u00dflich Fortbildungen und Workshops \u2013 und nat\u00fcrlich t\u00e4gliche Praxis.<\/p>\n<\/div>\n<\/div>\n<\/div><\/div>\n\n\n\n<div class=\"wp-block-group alignfull has-global-padding is-layout-constrained wp-container-core-group-is-layout-08655630 wp-block-group-is-layout-constrained\" id=\"kontakt\" style=\"margin-top:0;margin-bottom:0;padding-top:var(--wp--preset--spacing--80);padding-bottom:var(--wp--preset--spacing--80)\">\n<div class=\"wp-block-group alignwide is-layout-flow wp-block-group-is-layout-flow\">\n<h2 class=\"wp-block-heading has-text-align-center is-style-text-display has-x-large-font-size is-style-text-display--3\"><strong>Kontakt<\/strong><\/h2>\n\n\n\n<p class=\"has-text-align-center has-medium-font-size\">Dr. Constantin Weber<br>Waldparkstra\u00dfe 28<br>68163 Mannheim<br><br><a href=\"https:\/\/web.archive.org\/web\/20201025192956\/mailto:text@constantin-weber.de\">text@constantin-weber.de<\/a><br>+49.621.43 74 83 77<br>+49.172.32 14 472<\/p>\n\n\n\n<div style=\"height:var(--wp--preset--spacing--40)\" aria-hidden=\"true\" class=\"wp-block-spacer\"><\/div>\n<\/div>\n<\/div>\n","protected":false},"excerpt":{"rendered":"<p>Gute Kommunikationf\u00fcr Unternehmen. Botschaften Mit Texten ist das so eine Sache: Der Gesch\u00e4ftsf\u00fchrer hat seine ganz eigenen Vorstellungen, die Frau vom SEO verspricht das Blaue vom Himmel und der Marketingheini kommt nicht auf den Punkt. Manche Texte brauchen Platz zum Atmen, w\u00e4hrend andere aus dem Stand informieren m\u00fcssen. Zu guter Kommunikation geh\u00f6ren nicht nur Texte, [&hellip;]<\/p>\n","protected":false},"author":2,"featured_media":0,"parent":0,"menu_order":0,"comment_status":"closed","ping_status":"closed","template":"page-no-title","meta":{"footnotes":""},"class_list":["post-7","page","type-page","status-publish","hentry"],"_links":{"self":[{"href":"https:\/\/constantin-weber.de\/index.php\/wp-json\/wp\/v2\/pages\/7","targetHints":{"allow":["GET"]}}],"collection":[{"href":"https:\/\/constantin-weber.de\/index.php\/wp-json\/wp\/v2\/pages"}],"about":[{"href":"https:\/\/constantin-weber.de\/index.php\/wp-json\/wp\/v2\/types\/page"}],"author":[{"embeddable":true,"href":"https:\/\/constantin-weber.de\/index.php\/wp-json\/wp\/v2\/users\/2"}],"replies":[{"embeddable":true,"href":"https:\/\/constantin-weber.de\/index.php\/wp-json\/wp\/v2\/comments?post=7"}],"version-history":[{"count":67,"href":"https:\/\/constantin-weber.de\/index.php\/wp-json\/wp\/v2\/pages\/7\/revisions"}],"predecessor-version":[{"id":129,"href":"https:\/\/constantin-weber.de\/index.php\/wp-json\/wp\/v2\/pages\/7\/revisions\/129"}],"wp:attachment":[{"href":"https:\/\/constantin-weber.de\/index.php\/wp-json\/wp\/v2\/media?parent=7"}],"curies":[{"name":"wp","href":"https:\/\/api.w.org\/{rel}","templated":true}]}}